{"id":2,"date":"2016-05-05T15:29:18","date_gmt":"2016-05-05T15:29:18","guid":{"rendered":"http:\/\/lisskulla-brenner.com\/wp\/?page_id=2"},"modified":"2016-06-25T08:18:32","modified_gmt":"2016-06-25T08:18:32","slug":"sample-page","status":"publish","type":"page","link":"https:\/\/lisskulla-brenner.com\/","title":{"rendered":"startsida"},"content":{"rendered":"<h3>En konstbok om F\u00f6rintelsen<\/h3>\n<p style=\"text-align: justify;\">Konstbokens bilder bygger p\u00e5 min utst\u00e4llning med samma namn, som har visats i olika judiska sammanhang.<\/p>\n<p style=\"text-align: justify;\"><img loading=\"lazy\" decoding=\"async\" class=\"alignnone size-full wp-image-68\" src=\"http:\/\/lisskulla-brenner.com\/wp\/wp-content\/uploads\/2016\/05\/morkret2.jpg\" alt=\"morkret2\" width=\"900\" height=\"750\" srcset=\"https:\/\/lisskulla-brenner.com\/wp-content\/uploads\/2016\/05\/morkret2.jpg 900w, https:\/\/lisskulla-brenner.com\/wp-content\/uploads\/2016\/05\/morkret2-300x250.jpg 300w, https:\/\/lisskulla-brenner.com\/wp-content\/uploads\/2016\/05\/morkret2-768x640.jpg 768w\" sizes=\"(max-width: 900px) 100vw, 900px\" \/><\/p>\n<p style=\"text-align: justify;\">Boken \u00e4r en del av ett st\u00e4ndigt p\u00e5g\u00e5ende ber\u00e4ttande om F\u00f6rintelsen. Det finns m\u00e5nga s\u00e4tt att ber\u00e4tta om den. Jag \u00e4r intresserad av vad som h\u00e4nder med oss n\u00e4r vi s\u00e5 totalt \u00e4r i h\u00e4nderna p\u00e5 ett system som vill f\u00f6rinta oss. Bli utsatta f\u00f6r detta svek, denna \u00f6vergivenhet och denna sakta nedbrytning av v\u00e5r identitet. Detta \u00e4r vad bokens bilder handlar om. Med respekt och varsamhet n\u00e4rmar sig bilderna F\u00f6rintelsen. Enkelheten och nerven i dessa g\u00f6r ber\u00e4ttandet gripande och p\u00e5 n\u00e5got s\u00e4tt mer fattbart i det ofattbara.<\/p>\n<p style=\"text-align: justify;\">Konstboken med dess ber\u00e4ttande, har det dubbla syftet med att b\u00e5de vara en konstbok men ocks\u00e5 en bok att anv\u00e4ndas vid information kring F\u00f6rintelsen. Boken v\u00e4nder sig d\u00e4r till olika grupper f\u00f6r en \u00f6kad f\u00f6rst\u00e5else av F\u00f6rintelsen. Konstens styrka, i bokens fall bildens, \u00e4r att den talar till betraktaren och uppmanar medvetet eller omedvetet till reflexioner. Betraktelsen av bokens bilder kan bli till ett underlag, enskilt eller i grupp, f\u00f6r samtal och diskussioner. Vidare kan detta f\u00f6ra till en gemensam ber\u00e4ttelse som visar m\u00e5ngfaldens uttryck.<\/p>\n<p style=\"text-align: justify;\">Mina ledord i arbetet med boken har varit att den skall vara v\u00e4rdig, vacker och avskalad. Det viktigaste skall tala. Bilderna med dess textinneh\u00e5ll st\u00e5r i centrum. Av v\u00f6rdnad f\u00f6r alla dem som drabbades av F\u00f6rintelsen har jag valt att \u00f6vers\u00e4tta dessa bildtexter till jiddisch. Innan F\u00f6rintelsen var jiddisch det b\u00e4rande spr\u00e5ket f\u00f6r det judiska folket. I f\u00f6rlusten av jiddisch f\u00f6rsvann n\u00e4stintill en modern judisk kultur. Bokens \u00f6vriga texter \u00e4r \u00e4ven \u00f6versatta b\u00e5de till jiddisch och engelska.<\/p>\n<p style=\"text-align: justify;\">Mitt arbete med bokens bilder har varit en av mina st\u00f6rre utmaningar som konstn\u00e4r. Det har varit viktigt f\u00f6r mig att hitta balansg\u00e5ngen mellan mitt konstn\u00e4rliga uttryck och respekten f\u00f6r dem som var med om F\u00f6rintelsen.<\/p>\n<p style=\"text-align: justify;\">Jag hade l\u00e4nge n\u00e4rt en tanke om att st\u00e4lla samman utst\u00e4llningens bilder till en konstbok. 2014 p\u00e5b\u00f6rjade jag mitt bokprojekt. Jag visste att en bok g\u00f6r man inte ensam, utan jag beh\u00f6vde \u00e4ven kompetenta personer med i projektet. De som hade kunskapen f\u00f6r att vara med om att forma min id\u00e9 om konstboken.<\/p>\n<p style=\"text-align: justify;\">Boken \u00e4r utgiven med st\u00f6d av bland annat Levande historia &#8211; G\u00f6teborgs Stad och Kulturr\u00e5det.<\/p>\n<p style=\"text-align: justify;\"><em>Lisskulla Brenner<\/em><\/p>\n<p><span style=\"color: #9e2c2c;\"><span style=\"color: #000000;\"><strong>BEST\u00c4LL KONSTBOKEN &#8221;M\u00d6RKRET OMSL\u00d6T OSS<\/strong>&#8221;<\/span>\u00a0<\/span><a href=\"http:\/\/lisskulla-brenner.com\/?page_id=29\"><span><span style=\"color: #993366;\"><b>H\u00c4R<\/b><\/span><\/span><\/a><\/p>\n","protected":false},"excerpt":{"rendered":"<p>En konstbok om F\u00f6rintelsen Konstbokens bilder bygger p\u00e5 min utst\u00e4llning med samma namn, som har visats i olika judiska sammanhang. Boken \u00e4r en del av ett st\u00e4ndigt p\u00e5g\u00e5ende ber\u00e4ttande om F\u00f6rintelsen. Det finns m\u00e5nga s\u00e4tt att ber\u00e4tta om den. Jag \u00e4r intresserad av vad som h\u00e4nder med oss n\u00e4r vi s\u00e5 totalt \u00e4r i h\u00e4nderna &#8230; <span class=\"more\"><a class=\"more-link\" href=\"https:\/\/lisskulla-brenner.com\/\">[Read more&#8230;]<\/a><\/span><\/p>\n","protected":false},"author":1,"featured_media":0,"parent":0,"menu_order":1,"comment_status":"closed","ping_status":"open","template":"","meta":{"footnotes":""},"_links":{"self":[{"href":"https:\/\/lisskulla-brenner.com\/index.php?rest_route=\/wp\/v2\/pages\/2"}],"collection":[{"href":"https:\/\/lisskulla-brenner.com\/index.php?rest_route=\/wp\/v2\/pages"}],"about":[{"href":"https:\/\/lisskulla-brenner.com\/index.php?rest_route=\/wp\/v2\/types\/page"}],"author":[{"embeddable":true,"href":"https:\/\/lisskulla-brenner.com\/index.php?rest_route=\/wp\/v2\/users\/1"}],"replies":[{"embeddable":true,"href":"https:\/\/lisskulla-brenner.com\/index.php?rest_route=%2Fwp%2Fv2%2Fcomments&post=2"}],"version-history":[{"count":32,"href":"https:\/\/lisskulla-brenner.com\/index.php?rest_route=\/wp\/v2\/pages\/2\/revisions"}],"predecessor-version":[{"id":162,"href":"https:\/\/lisskulla-brenner.com\/index.php?rest_route=\/wp\/v2\/pages\/2\/revisions\/162"}],"wp:attachment":[{"href":"https:\/\/lisskulla-brenner.com\/index.php?rest_route=%2Fwp%2Fv2%2Fmedia&parent=2"}],"curies":[{"name":"wp","href":"https:\/\/api.w.org\/{rel}","templated":true}]}}