{"id":32,"date":"2016-05-10T08:56:57","date_gmt":"2016-05-10T08:56:57","guid":{"rendered":"http:\/\/lisskulla-brenner.com\/wp\/?page_id=32"},"modified":"2016-05-30T11:23:54","modified_gmt":"2016-05-30T11:23:54","slug":"galleri-1","status":"publish","type":"page","link":"http:\/\/lisskulla-brenner.com\/?page_id=32","title":{"rendered":"Galleri 2"},"content":{"rendered":"<h2 style=\"text-align: center;\">Bilder fr\u00e5n utst\u00e4llning p\u00e5 Judiska F\u00f6rsamlingen i G\u00f6teborg<\/h2>\n<p><img loading=\"lazy\" decoding=\"async\" class=\"size-full wp-image-51 aligncenter\" src=\"http:\/\/lisskulla-brenner.com\/wp-content\/uploads\/2016\/05\/bild5-e1464426138404.jpg\" alt=\"bild5\" width=\"700\" height=\"525\" \/><img loading=\"lazy\" decoding=\"async\" class=\"size-full wp-image-48 aligncenter\" src=\"http:\/\/lisskulla-brenner.com\/wp-content\/uploads\/2016\/05\/bild2-e1464426295371.jpg\" alt=\"bild2\" width=\"700\" height=\"562\" \/><\/p>\n<p><img loading=\"lazy\" decoding=\"async\" class=\"size-full wp-image-49 aligncenter\" src=\"http:\/\/lisskulla-brenner.com\/wp-content\/uploads\/2016\/05\/bild3-e1464426279809.jpg\" alt=\"bild3\" width=\"700\" height=\"556\" \/><\/p>\n<p><img loading=\"lazy\" decoding=\"async\" class=\"size-full wp-image-47 aligncenter\" src=\"http:\/\/lisskulla-brenner.com\/wp-content\/uploads\/2016\/05\/bild1-e1464426308758.jpg\" alt=\"bild1\" width=\"700\" height=\"525\" \/><\/p>\n<p><img loading=\"lazy\" decoding=\"async\" class=\"size-full wp-image-52 aligncenter\" src=\"http:\/\/lisskulla-brenner.com\/wp-content\/uploads\/2016\/05\/bild6-e1464426261947.jpg\" alt=\"bild6\" width=\"700\" height=\"506\" \/><\/p>\n<p><img loading=\"lazy\" decoding=\"async\" class=\"size-full wp-image-140 aligncenter\" src=\"http:\/\/lisskulla-brenner.com\/wp-content\/uploads\/2016\/05\/bild4-1.jpg\" alt=\"bild4\" width=\"900\" height=\"587\" srcset=\"http:\/\/lisskulla-brenner.com\/wp-content\/uploads\/2016\/05\/bild4-1.jpg 900w, http:\/\/lisskulla-brenner.com\/wp-content\/uploads\/2016\/05\/bild4-1-300x196.jpg 300w, http:\/\/lisskulla-brenner.com\/wp-content\/uploads\/2016\/05\/bild4-1-768x501.jpg 768w\" sizes=\"(max-width: 900px) 100vw, 900px\" \/><\/p>\n<p>&nbsp;<\/p>\n<p style=\"text-align: center;\">\u00a0fotograf: rosemari nilsson<\/p>\n","protected":false},"excerpt":{"rendered":"<p>Bilder fr\u00e5n utst\u00e4llning p\u00e5 Judiska F\u00f6rsamlingen i G\u00f6teborg &nbsp; \u00a0fotograf: rosemari nilsson<\/p>\n","protected":false},"author":1,"featured_media":0,"parent":0,"menu_order":7,"comment_status":"closed","ping_status":"closed","template":"","meta":{"footnotes":""},"_links":{"self":[{"href":"http:\/\/lisskulla-brenner.com\/index.php?rest_route=\/wp\/v2\/pages\/32"}],"collection":[{"href":"http:\/\/lisskulla-brenner.com\/index.php?rest_route=\/wp\/v2\/pages"}],"about":[{"href":"http:\/\/lisskulla-brenner.com\/index.php?rest_route=\/wp\/v2\/types\/page"}],"author":[{"embeddable":true,"href":"http:\/\/lisskulla-brenner.com\/index.php?rest_route=\/wp\/v2\/users\/1"}],"replies":[{"embeddable":true,"href":"http:\/\/lisskulla-brenner.com\/index.php?rest_route=%2Fwp%2Fv2%2Fcomments&post=32"}],"version-history":[{"count":15,"href":"http:\/\/lisskulla-brenner.com\/index.php?rest_route=\/wp\/v2\/pages\/32\/revisions"}],"predecessor-version":[{"id":141,"href":"http:\/\/lisskulla-brenner.com\/index.php?rest_route=\/wp\/v2\/pages\/32\/revisions\/141"}],"wp:attachment":[{"href":"http:\/\/lisskulla-brenner.com\/index.php?rest_route=%2Fwp%2Fv2%2Fmedia&parent=32"}],"curies":[{"name":"wp","href":"https:\/\/api.w.org\/{rel}","templated":true}]}}